{"id":105,"date":"2020-10-21T08:37:30","date_gmt":"2020-10-21T08:37:30","guid":{"rendered":"https:\/\/qi37.qodeinteractive.com\/?page_id=105"},"modified":"2025-07-22T07:18:53","modified_gmt":"2025-07-22T07:18:53","slug":"about","status":"publish","type":"page","link":"https:\/\/circ-city-project.eu\/de\/about\/","title":{"rendered":"\u00dcber"},"content":{"rendered":"<div data-elementor-type=\"wp-page\" data-elementor-id=\"105\" class=\"elementor elementor-105\">\n\t\t\t\t\t\t<section class=\"elementor-section elementor-top-section elementor-element elementor-element-ddb6ded elementor-section-full_width elementor-section-height-default elementor-section-height-default qodef-elementor-content-no\" data-id=\"ddb6ded\" data-element_type=\"section\" data-e-type=\"section\">\n\t\t\t\t\t\t<div class=\"elementor-container elementor-column-gap-default\">\n\t\t\t\t\t<div class=\"elementor-column elementor-col-100 elementor-top-column elementor-element elementor-element-9d9002a\" data-id=\"9d9002a\" data-element_type=\"column\" data-e-type=\"column\">\n\t\t\t<div class=\"elementor-widget-wrap elementor-element-populated\">\n\t\t\t\t\t\t<div class=\"elementor-element elementor-element-2b4c2cd elementor-widget elementor-widget-heading\" data-id=\"2b4c2cd\" data-element_type=\"widget\" data-e-type=\"widget\" data-widget_type=\"heading.default\">\n\t\t\t\t<div class=\"elementor-widget-container\">\n\t\t\t\t\t<h2 class=\"elementor-heading-title elementor-size-default\">\u00dcBER<\/h2>\t\t\t\t<\/div>\n\t\t\t\t<\/div>\n\t\t\t\t<div class=\"elementor-element elementor-element-080fa17 elementor-widget elementor-widget-heading\" data-id=\"080fa17\" data-element_type=\"widget\" data-e-type=\"widget\" data-widget_type=\"heading.default\">\n\t\t\t\t<div class=\"elementor-widget-container\">\n\t\t\t\t\t<h2 class=\"elementor-heading-title elementor-size-default\">das Projekt<\/h2>\t\t\t\t<\/div>\n\t\t\t\t<\/div>\n\t\t\t\t<div class=\"elementor-element elementor-element-df80a98 elementor-widget-divider--view-line elementor-widget elementor-widget-divider\" data-id=\"df80a98\" data-element_type=\"widget\" data-e-type=\"widget\" data-widget_type=\"divider.default\">\n\t\t\t\t<div class=\"elementor-widget-container\">\n\t\t\t\t\t\t\t<div class=\"elementor-divider\">\n\t\t\t<span class=\"elementor-divider-separator\">\n\t\t\t\t\t\t<\/span>\n\t\t<\/div>\n\t\t\t\t\t\t<\/div>\n\t\t\t\t<\/div>\n\t\t\t\t<section class=\"elementor-section elementor-inner-section elementor-element elementor-element-0ff78f9 elementor-section-full_width elementor-section-height-default elementor-section-height-default qodef-elementor-content-no\" data-id=\"0ff78f9\" data-element_type=\"section\" data-e-type=\"section\">\n\t\t\t\t\t\t<div class=\"elementor-container elementor-column-gap-default\">\n\t\t\t\t\t<div class=\"elementor-column elementor-col-100 elementor-inner-column elementor-element elementor-element-ffbcab4\" data-id=\"ffbcab4\" data-element_type=\"column\" data-e-type=\"column\">\n\t\t\t<div class=\"elementor-widget-wrap elementor-element-populated\">\n\t\t\t\t\t\t<div class=\"elementor-element elementor-element-88c070f elementor-widget elementor-widget-qi_addons_for_elementor_section_title\" data-id=\"88c070f\" data-element_type=\"widget\" data-e-type=\"widget\" data-widget_type=\"qi_addons_for_elementor_section_title.default\">\n\t\t\t\t<div class=\"elementor-widget-container\">\n\t\t\t\t\t<div class=\"qodef-shortcode qodef-m qodef-qi-section-title qodef-decoration--italic qodef-subtitle-icon--left\">\n\t\t\t\t\t\t\t\t<div class=\"qodef-m-text\"><p>CIRC ist ein Erasmus-Plus-Kooperationspartnerschaftsprojekt in der Erwachsenenbildung zwischen der Slowakei, Deutschland, Italien, Polen, Zypern und den Niederlanden. Das Projekt zielt darauf ab, Erwachsene aus sozialen Randgruppen, einschlie\u00dflich Mitglieder ethnischer Minderheiten, zu bef\u00e4higen, indem sie mit Wissen und Fertigkeiten im Bereich der Kreislaufwirtschaft ausgestattet werden. Es bietet Erwachsenenbildner*innen grundlegende Schulungen und Methoden zur Weiterbildung und unternehmerischem Denken. Zu den Aktivit\u00e4ten geh\u00f6ren ein umfassender Leitfaden f\u00fcr Erwachsenenbildner*innen, ein Schulungsformat f\u00fcr die Zielgruppe, eine kollaborative Hub-Plattform und nationale Konferenzen zum Austausch \u00fcber erfolgreiche Ma\u00dfnahmen. Das Projekt zielt darauf ab, Menschen in den kreislaufwirtschaftlichen Arbeitsmarkt einzubinden und Unternehmertum in diesem Bereich zu f\u00f6rdern. Es st\u00fctzt sich auf die bisherige Arbeit der Partner in den Bereichen Umweltschutz, Klimaschutz, erneuerbare Energien, Besch\u00e4ftigung und Integration. Das Projekt steht im Einklang mit den Zielen des Europ\u00e4ischen Green Deals und stellt die gro\u00dfen Chancen, die die Kreislaufwirtschaft f\u00fcr Wirtschaft, Gesellschaft und Umwelt bieten, in den Vordergrund.<\/p><\/div>\n\t<\/div>\n\t\t\t\t<\/div>\n\t\t\t\t<\/div>\n\t\t\t\t<div class=\"elementor-element elementor-element-05dc26e elementor-widget elementor-widget-spacer\" data-id=\"05dc26e\" data-element_type=\"widget\" data-e-type=\"widget\" data-widget_type=\"spacer.default\">\n\t\t\t\t<div class=\"elementor-widget-container\">\n\t\t\t\t\t\t\t<div class=\"elementor-spacer\">\n\t\t\t<div class=\"elementor-spacer-inner\"><\/div>\n\t\t<\/div>\n\t\t\t\t\t\t<\/div>\n\t\t\t\t<\/div>\n\t\t\t\t\t<\/div>\n\t\t<\/div>\n\t\t\t\t\t<\/div>\n\t\t<\/section>\n\t\t\t\t\t<\/div>\n\t\t<\/div>\n\t\t\t\t\t<\/div>\n\t\t<\/section>\n\t\t\t\t<section class=\"elementor-section elementor-top-section elementor-element elementor-element-57ae1ad elementor-section-full_width elementor-section-height-default elementor-section-height-default qodef-elementor-content-no\" data-id=\"57ae1ad\" data-element_type=\"section\" data-e-type=\"section\">\n\t\t\t\t\t\t<div class=\"elementor-container elementor-column-gap-default\">\n\t\t\t\t\t<div class=\"elementor-column elementor-col-100 elementor-top-column elementor-element elementor-element-5499e4b\" data-id=\"5499e4b\" data-element_type=\"column\" data-e-type=\"column\">\n\t\t\t<div class=\"elementor-widget-wrap\">\n\t\t\t\t\t\t\t<\/div>\n\t\t<\/div>\n\t\t\t\t\t<\/div>\n\t\t<\/section>\n\t\t\t\t<\/div>\n\t\t<p>Views: 486<\/p>","protected":false},"excerpt":{"rendered":"<p>ABOUT the project CIRC is an Erasmus Plus Cooperation partnership in adult education project between Slovakia, Germany, Italy, Poland, Cyprus and Netherlands. This project aims to empower adults at risk of exclusion, including marginalized ethnic groups, by equipping them with circular economy knowledge and skills. It will provide adult educators with essential training and methodologies, [&hellip;]<\/p>\n","protected":false},"author":1,"featured_media":0,"parent":0,"menu_order":0,"comment_status":"closed","ping_status":"closed","template":"qi-full-width.php","meta":{"footnotes":""},"class_list":["post-105","page","type-page","status-publish","hentry"],"jetpack_sharing_enabled":true,"_links":{"self":[{"href":"https:\/\/circ-city-project.eu\/de\/wp-json\/wp\/v2\/pages\/105","targetHints":{"allow":["GET"]}}],"collection":[{"href":"https:\/\/circ-city-project.eu\/de\/wp-json\/wp\/v2\/pages"}],"about":[{"href":"https:\/\/circ-city-project.eu\/de\/wp-json\/wp\/v2\/types\/page"}],"author":[{"embeddable":true,"href":"https:\/\/circ-city-project.eu\/de\/wp-json\/wp\/v2\/users\/1"}],"replies":[{"embeddable":true,"href":"https:\/\/circ-city-project.eu\/de\/wp-json\/wp\/v2\/comments?post=105"}],"version-history":[{"count":60,"href":"https:\/\/circ-city-project.eu\/de\/wp-json\/wp\/v2\/pages\/105\/revisions"}],"predecessor-version":[{"id":1393,"href":"https:\/\/circ-city-project.eu\/de\/wp-json\/wp\/v2\/pages\/105\/revisions\/1393"}],"wp:attachment":[{"href":"https:\/\/circ-city-project.eu\/de\/wp-json\/wp\/v2\/media?parent=105"}],"curies":[{"name":"wp","href":"https:\/\/api.w.org\/{rel}","templated":true}]}}